{"id":118,"date":"2023-06-22T14:40:22","date_gmt":"2023-06-22T14:40:22","guid":{"rendered":"https:\/\/csppinheirobemposta.pt\/site\/?page_id=118"},"modified":"2023-06-22T14:40:22","modified_gmt":"2023-06-22T14:40:22","slug":"recursos-humanos","status":"publish","type":"page","link":"https:\/\/csppinheirobemposta.pt\/site\/recursos-humanos\/","title":{"rendered":"Recursos Humanos"},"content":{"rendered":"\n<p>O Departamento de Recursos Humanos e de Forma\u00e7\u00e3o tem por miss\u00e3o promover e assegurar, atrav\u00e9s da implementa\u00e7\u00e3o e desenvolvimento de metodologias actualizadas, uma correcta gest\u00e3o dos Recursos Humanos.<\/p>\n\n\n\n<p>&nbsp; &nbsp;Cabe igualmente a este departamento a responsabilidade da elabora\u00e7\u00e3o de um Plano de Forma\u00e7\u00e3o que concilie por um lado as necessidades de forma\u00e7\u00e3o profissional sentidas pelos colaboradores e volunt\u00e1rios e por outro, os objectivos de moderniza\u00e7\u00e3o administrativa e necessidades gerais e espec\u00edficas da pr\u00f3pria din\u00e2mica do Centro Social.<\/p>\n","protected":false},"excerpt":{"rendered":"<p>O Departamento de Recursos Humanos e de Forma\u00e7\u00e3o tem por miss\u00e3o promover e assegurar, atrav\u00e9s da implementa\u00e7\u00e3o e desenvolvimento de metodologias actualizadas, uma correcta gest\u00e3o dos Recursos Humanos. &nbsp; &nbsp;Cabe igualmente a este departamento a responsabilidade da elabora\u00e7\u00e3o de um Plano de Forma\u00e7\u00e3o que concilie por um lado as necessidades de forma\u00e7\u00e3o profissional sentidas pelos [&hellip;]<\/p>\n","protected":false},"author":1,"featured_media":0,"parent":0,"menu_order":0,"comment_status":"closed","ping_status":"closed","template":"","meta":{"pagelayer_contact_templates":[],"_pagelayer_content":""},"_links":{"self":[{"href":"https:\/\/csppinheirobemposta.pt\/site\/wp-json\/wp\/v2\/pages\/118"}],"collection":[{"href":"https:\/\/csppinheirobemposta.pt\/site\/wp-json\/wp\/v2\/pages"}],"about":[{"href":"https:\/\/csppinheirobemposta.pt\/site\/wp-json\/wp\/v2\/types\/page"}],"author":[{"embeddable":true,"href":"https:\/\/csppinheirobemposta.pt\/site\/wp-json\/wp\/v2\/users\/1"}],"replies":[{"embeddable":true,"href":"https:\/\/csppinheirobemposta.pt\/site\/wp-json\/wp\/v2\/comments?post=118"}],"version-history":[{"count":1,"href":"https:\/\/csppinheirobemposta.pt\/site\/wp-json\/wp\/v2\/pages\/118\/revisions"}],"predecessor-version":[{"id":120,"href":"https:\/\/csppinheirobemposta.pt\/site\/wp-json\/wp\/v2\/pages\/118\/revisions\/120"}],"wp:attachment":[{"href":"https:\/\/csppinheirobemposta.pt\/site\/wp-json\/wp\/v2\/media?parent=118"}],"curies":[{"name":"wp","href":"https:\/\/api.w.org\/{rel}","templated":true}]}}