{"id":129,"date":"2023-06-23T09:37:14","date_gmt":"2023-06-23T09:37:14","guid":{"rendered":"https:\/\/csppinheirobemposta.pt\/site\/?page_id=129"},"modified":"2023-06-23T09:37:14","modified_gmt":"2023-06-23T09:37:14","slug":"servicos-clinicos","status":"publish","type":"page","link":"https:\/\/csppinheirobemposta.pt\/site\/servicos-clinicos\/","title":{"rendered":"Servi\u00e7os Cl\u00ednicos"},"content":{"rendered":"\n<p>&nbsp; &nbsp;O Gabinete M\u00e9dico \u00e9 o local onde se realizam todos os cuidados de enfermagem, onde se prepara a medica\u00e7\u00e3o, se realizam as consultas m\u00e9dicas dos clientes, se faz o controlo da tens\u00e3o arterial e do peso, a medi\u00e7\u00e3o da diabetes e a esteriliza\u00e7\u00e3o de todo o material. Tamb\u00e9m possuimos um Gabinete de Enfermagem, Um&nbsp;Fisioterapeuta&nbsp;e uma Nutricionista (\u00e0 segunda-feira).<\/p>\n\n\n\n<p>&nbsp; &nbsp;Este servi\u00e7o tamb\u00e9m se encontra dispon\u00edvel a toda a comunidade envolvente.<\/p>\n","protected":false},"excerpt":{"rendered":"<p>&nbsp; &nbsp;O Gabinete M\u00e9dico \u00e9 o local onde se realizam todos os cuidados de enfermagem, onde se prepara a medica\u00e7\u00e3o, se realizam as consultas m\u00e9dicas dos clientes, se faz o controlo da tens\u00e3o arterial e do peso, a medi\u00e7\u00e3o da diabetes e a esteriliza\u00e7\u00e3o de todo o material. Tamb\u00e9m possuimos um Gabinete de Enfermagem, Um&nbsp;Fisioterapeuta&nbsp;e [&hellip;]<\/p>\n","protected":false},"author":1,"featured_media":0,"parent":0,"menu_order":0,"comment_status":"closed","ping_status":"closed","template":"","meta":{"pagelayer_contact_templates":[],"_pagelayer_content":""},"_links":{"self":[{"href":"https:\/\/csppinheirobemposta.pt\/site\/wp-json\/wp\/v2\/pages\/129"}],"collection":[{"href":"https:\/\/csppinheirobemposta.pt\/site\/wp-json\/wp\/v2\/pages"}],"about":[{"href":"https:\/\/csppinheirobemposta.pt\/site\/wp-json\/wp\/v2\/types\/page"}],"author":[{"embeddable":true,"href":"https:\/\/csppinheirobemposta.pt\/site\/wp-json\/wp\/v2\/users\/1"}],"replies":[{"embeddable":true,"href":"https:\/\/csppinheirobemposta.pt\/site\/wp-json\/wp\/v2\/comments?post=129"}],"version-history":[{"count":1,"href":"https:\/\/csppinheirobemposta.pt\/site\/wp-json\/wp\/v2\/pages\/129\/revisions"}],"predecessor-version":[{"id":131,"href":"https:\/\/csppinheirobemposta.pt\/site\/wp-json\/wp\/v2\/pages\/129\/revisions\/131"}],"wp:attachment":[{"href":"https:\/\/csppinheirobemposta.pt\/site\/wp-json\/wp\/v2\/media?parent=129"}],"curies":[{"name":"wp","href":"https:\/\/api.w.org\/{rel}","templated":true}]}}