{"id":133,"date":"2023-06-23T09:38:07","date_gmt":"2023-06-23T09:38:07","guid":{"rendered":"https:\/\/csppinheirobemposta.pt\/site\/?page_id=133"},"modified":"2023-06-23T09:38:07","modified_gmt":"2023-06-23T09:38:07","slug":"cozinha","status":"publish","type":"page","link":"https:\/\/csppinheirobemposta.pt\/site\/cozinha\/","title":{"rendered":"Cozinha"},"content":{"rendered":"\n<p>Cabe \u00e0 equipa alimentar estabelecer e implementar as regras orientadoras para a aplica\u00e7\u00e3o do HACCP, seguindo as boas pr\u00e1ticas de higiene e seguran\u00e7a alimentar no Centro Social.<\/p>\n\n\n\n<p>Para isso, necessita ainda de avaliar os conhecimentos e a forma\u00e7\u00e3o cont\u00ednua dos manipuladores de alimentos.<\/p>\n\n\n\n<p>As ementas encontram-se afixadas na entrada, podendo ser consultadas por quem assim o desejar.<\/p>\n","protected":false},"excerpt":{"rendered":"<p>Cabe \u00e0 equipa alimentar estabelecer e implementar as regras orientadoras para a aplica\u00e7\u00e3o do HACCP, seguindo as boas pr\u00e1ticas de higiene e seguran\u00e7a alimentar no Centro Social. Para isso, necessita ainda de avaliar os conhecimentos e a forma\u00e7\u00e3o cont\u00ednua dos manipuladores de alimentos. As ementas encontram-se afixadas na entrada, podendo ser consultadas por quem assim [&hellip;]<\/p>\n","protected":false},"author":1,"featured_media":0,"parent":0,"menu_order":0,"comment_status":"closed","ping_status":"closed","template":"","meta":{"pagelayer_contact_templates":[],"_pagelayer_content":""},"_links":{"self":[{"href":"https:\/\/csppinheirobemposta.pt\/site\/wp-json\/wp\/v2\/pages\/133"}],"collection":[{"href":"https:\/\/csppinheirobemposta.pt\/site\/wp-json\/wp\/v2\/pages"}],"about":[{"href":"https:\/\/csppinheirobemposta.pt\/site\/wp-json\/wp\/v2\/types\/page"}],"author":[{"embeddable":true,"href":"https:\/\/csppinheirobemposta.pt\/site\/wp-json\/wp\/v2\/users\/1"}],"replies":[{"embeddable":true,"href":"https:\/\/csppinheirobemposta.pt\/site\/wp-json\/wp\/v2\/comments?post=133"}],"version-history":[{"count":1,"href":"https:\/\/csppinheirobemposta.pt\/site\/wp-json\/wp\/v2\/pages\/133\/revisions"}],"predecessor-version":[{"id":135,"href":"https:\/\/csppinheirobemposta.pt\/site\/wp-json\/wp\/v2\/pages\/133\/revisions\/135"}],"wp:attachment":[{"href":"https:\/\/csppinheirobemposta.pt\/site\/wp-json\/wp\/v2\/media?parent=133"}],"curies":[{"name":"wp","href":"https:\/\/api.w.org\/{rel}","templated":true}]}}