{"id":137,"date":"2023-06-23T09:38:46","date_gmt":"2023-06-23T09:38:46","guid":{"rendered":"https:\/\/csppinheirobemposta.pt\/site\/?page_id=137"},"modified":"2025-06-03T09:09:30","modified_gmt":"2025-06-03T09:09:30","slug":"lavandaria","status":"publish","type":"page","link":"https:\/\/csppinheirobemposta.pt\/site\/lavandaria\/","title":{"rendered":"Lavandaria"},"content":{"rendered":"\n\n\n\n<p>&nbsp; &nbsp;Os Servi\u00e7os de Lavandaria visam promover a satisfa\u00e7\u00e3o de necessidades do cliente e promover a sua qualidade de vida.<\/p>\n\n<p>&nbsp; &nbsp;Cabe \u00e0 lavandaria a organiza\u00e7\u00e3o e planifica\u00e7\u00e3o dos servi\u00e7os definindo os m\u00e9todos e as regras relativas \u00e0 recolha, selec\u00e7\u00e3o, lavagem, secagem, repara\u00e7\u00e3o, engomagem e distribui\u00e7\u00e3o.<\/p>\n\n<p>Estes servi\u00e7os tamb\u00e9m se encontram dispon\u00edveis para a comunidade envolvente.<\/p>\n\n\n","protected":false},"excerpt":{"rendered":"","protected":false},"author":1,"featured_media":0,"parent":0,"menu_order":0,"comment_status":"closed","ping_status":"closed","template":"","meta":{"pagelayer_contact_templates":[],"_pagelayer_content":""},"_links":{"self":[{"href":"https:\/\/csppinheirobemposta.pt\/site\/wp-json\/wp\/v2\/pages\/137"}],"collection":[{"href":"https:\/\/csppinheirobemposta.pt\/site\/wp-json\/wp\/v2\/pages"}],"about":[{"href":"https:\/\/csppinheirobemposta.pt\/site\/wp-json\/wp\/v2\/types\/page"}],"author":[{"embeddable":true,"href":"https:\/\/csppinheirobemposta.pt\/site\/wp-json\/wp\/v2\/users\/1"}],"replies":[{"embeddable":true,"href":"https:\/\/csppinheirobemposta.pt\/site\/wp-json\/wp\/v2\/comments?post=137"}],"version-history":[{"count":2,"href":"https:\/\/csppinheirobemposta.pt\/site\/wp-json\/wp\/v2\/pages\/137\/revisions"}],"predecessor-version":[{"id":344,"href":"https:\/\/csppinheirobemposta.pt\/site\/wp-json\/wp\/v2\/pages\/137\/revisions\/344"}],"wp:attachment":[{"href":"https:\/\/csppinheirobemposta.pt\/site\/wp-json\/wp\/v2\/media?parent=137"}],"curies":[{"name":"wp","href":"https:\/\/api.w.org\/{rel}","templated":true}]}}