{"id":141,"date":"2023-06-23T09:39:30","date_gmt":"2023-06-23T09:39:30","guid":{"rendered":"https:\/\/csppinheirobemposta.pt\/site\/?page_id=141"},"modified":"2023-06-23T09:39:30","modified_gmt":"2023-06-23T09:39:30","slug":"pessoal","status":"publish","type":"page","link":"https:\/\/csppinheirobemposta.pt\/site\/pessoal\/","title":{"rendered":"Pessoal"},"content":{"rendered":"\n<p>&nbsp; &nbsp;\u201cA nossa tarefa \u00e9 descobrir o nosso trabalho e, ent\u00e3o, com todo o cora\u00e7\u00e3o, dedicarmo-nos a ele\u201d. <strong>&nbsp;Buda<\/strong><\/p>\n\n\n\n<p>&nbsp; &nbsp;Os colaboradores do Centro Social Paroquial de Pinheiro da Bemposta encontraram nesta Institui\u00e7\u00e3o uma segunda Fam\u00edlia \u00e0 qual se dedicam de corpo e alma para que nada falte.Permanentemente promovem a presta\u00e7\u00e3o de um servi\u00e7o de qualidade baseado na empatia e nos afetos.<\/p>\n","protected":false},"excerpt":{"rendered":"<p>&nbsp; &nbsp;\u201cA nossa tarefa \u00e9 descobrir o nosso trabalho e, ent\u00e3o, com todo o cora\u00e7\u00e3o, dedicarmo-nos a ele\u201d. &nbsp;Buda &nbsp; &nbsp;Os colaboradores do Centro Social Paroquial de Pinheiro da Bemposta encontraram nesta Institui\u00e7\u00e3o uma segunda Fam\u00edlia \u00e0 qual se dedicam de corpo e alma para que nada falte.Permanentemente promovem a presta\u00e7\u00e3o de um servi\u00e7o de [&hellip;]<\/p>\n","protected":false},"author":1,"featured_media":0,"parent":0,"menu_order":0,"comment_status":"closed","ping_status":"closed","template":"","meta":{"pagelayer_contact_templates":[],"_pagelayer_content":""},"_links":{"self":[{"href":"https:\/\/csppinheirobemposta.pt\/site\/wp-json\/wp\/v2\/pages\/141"}],"collection":[{"href":"https:\/\/csppinheirobemposta.pt\/site\/wp-json\/wp\/v2\/pages"}],"about":[{"href":"https:\/\/csppinheirobemposta.pt\/site\/wp-json\/wp\/v2\/types\/page"}],"author":[{"embeddable":true,"href":"https:\/\/csppinheirobemposta.pt\/site\/wp-json\/wp\/v2\/users\/1"}],"replies":[{"embeddable":true,"href":"https:\/\/csppinheirobemposta.pt\/site\/wp-json\/wp\/v2\/comments?post=141"}],"version-history":[{"count":1,"href":"https:\/\/csppinheirobemposta.pt\/site\/wp-json\/wp\/v2\/pages\/141\/revisions"}],"predecessor-version":[{"id":143,"href":"https:\/\/csppinheirobemposta.pt\/site\/wp-json\/wp\/v2\/pages\/141\/revisions\/143"}],"wp:attachment":[{"href":"https:\/\/csppinheirobemposta.pt\/site\/wp-json\/wp\/v2\/media?parent=141"}],"curies":[{"name":"wp","href":"https:\/\/api.w.org\/{rel}","templated":true}]}}