{"id":146,"date":"2023-06-23T09:42:41","date_gmt":"2023-06-23T09:42:41","guid":{"rendered":"https:\/\/csppinheirobemposta.pt\/site\/?page_id=146"},"modified":"2023-06-23T09:42:41","modified_gmt":"2023-06-23T09:42:41","slug":"servicos-administrativos","status":"publish","type":"page","link":"https:\/\/csppinheirobemposta.pt\/site\/servicos-administrativos\/","title":{"rendered":"Servi\u00e7os Administrativos"},"content":{"rendered":"\n<p>\u00a0 \u00a0O funcionamento da institui\u00e7\u00e3o centra grande parte das suas actividades, informa\u00e7\u00f5es, contactos com o exterior, nesta divis\u00e3o. Aqui se organiza e filtra a informa\u00e7\u00e3o que chega \u00e0 Dire\u00e7\u00e3o. Ficam assim, a cargo da administrativa e t\u00e9cnica de educa\u00e7\u00e3o, v\u00e1rios assuntos nomeadamente a mensalidade e outras despesas dos utentes das tr\u00eas respostas sociais; as mercadorias\/fornecedores e respectivas propostas, a log\u00edstica das actividades s\u00f3cio-culturais a realizar; o controlo do caixa; a resposta a solicita\u00e7\u00f5es v\u00e1rias entre outras tarefas.<\/p>\n","protected":false},"excerpt":{"rendered":"<p>\u00a0 \u00a0O funcionamento da institui\u00e7\u00e3o centra grande parte das suas actividades, informa\u00e7\u00f5es, contactos com o exterior, nesta divis\u00e3o. Aqui se organiza e filtra a informa\u00e7\u00e3o que chega \u00e0 Dire\u00e7\u00e3o. Ficam assim, a cargo da administrativa e t\u00e9cnica de educa\u00e7\u00e3o, v\u00e1rios assuntos nomeadamente a mensalidade e outras despesas dos utentes das tr\u00eas respostas sociais; as mercadorias\/fornecedores [&hellip;]<\/p>\n","protected":false},"author":1,"featured_media":0,"parent":0,"menu_order":0,"comment_status":"closed","ping_status":"closed","template":"","meta":{"pagelayer_contact_templates":[],"_pagelayer_content":""},"_links":{"self":[{"href":"https:\/\/csppinheirobemposta.pt\/site\/wp-json\/wp\/v2\/pages\/146"}],"collection":[{"href":"https:\/\/csppinheirobemposta.pt\/site\/wp-json\/wp\/v2\/pages"}],"about":[{"href":"https:\/\/csppinheirobemposta.pt\/site\/wp-json\/wp\/v2\/types\/page"}],"author":[{"embeddable":true,"href":"https:\/\/csppinheirobemposta.pt\/site\/wp-json\/wp\/v2\/users\/1"}],"replies":[{"embeddable":true,"href":"https:\/\/csppinheirobemposta.pt\/site\/wp-json\/wp\/v2\/comments?post=146"}],"version-history":[{"count":1,"href":"https:\/\/csppinheirobemposta.pt\/site\/wp-json\/wp\/v2\/pages\/146\/revisions"}],"predecessor-version":[{"id":148,"href":"https:\/\/csppinheirobemposta.pt\/site\/wp-json\/wp\/v2\/pages\/146\/revisions\/148"}],"wp:attachment":[{"href":"https:\/\/csppinheirobemposta.pt\/site\/wp-json\/wp\/v2\/media?parent=146"}],"curies":[{"name":"wp","href":"https:\/\/api.w.org\/{rel}","templated":true}]}}