{"id":166,"date":"2023-06-23T10:16:59","date_gmt":"2023-06-23T10:16:59","guid":{"rendered":"https:\/\/csppinheirobemposta.pt\/site\/?page_id=166"},"modified":"2025-06-03T09:44:44","modified_gmt":"2025-06-03T09:44:44","slug":"missao","status":"publish","type":"page","link":"https:\/\/csppinheirobemposta.pt\/site\/missao\/","title":{"rendered":"Miss\u00e3o"},"content":{"rendered":"\n\n\n\n<p class=\"has-text-align-center\">&nbsp; &nbsp;A Miss\u00e3o do Centro Social Paroquial de Pinheiro da Bemposta \u00e9 a presta\u00e7\u00e3o de cuidados individualizados e personalizados em meio institucional a indiv\u00edduos e fam\u00edlias que, por motivo de doen\u00e7a, idade, defici\u00eancia ou outro impedimento, n\u00e3o possam assegurar, tempor\u00e1ria ou permanentemente, a satisfa\u00e7\u00e3o das suas necessidades b\u00e1sicas e\/ ou as actividades da vida di\u00e1ria.<\/p>\n\n<p class=\"has-text-align-center\" style=\"font-size:30px\">\u200b<strong>Vis\u00e3o<\/strong><\/p>\n\n<p class=\"has-text-align-center\">&nbsp; &nbsp;\u00c9 a Vis\u00e3o do Centro Social Paroquial de Pinheiro da Bemposta a aproxima\u00e7\u00e3o de pessoas atrav\u00e9s da consolida\u00e7\u00e3o de afectos, do desenvolvimento humano e de valoriza\u00e7\u00e3o do indiv\u00edduo e da Qualidade dos servi\u00e7os prestados.<\/p>\n\n<p class=\"has-text-align-center\">&nbsp; &nbsp;Os Valores pelos quais Centro Social Paroquial de Pinheiro da Bemposta pauta a sua actividade s\u00e3o:<\/p>\n\n<p class=\"has-text-align-center\">&#8211; Contribuir para a melhoria da qualidade de vida das pessoas e fam\u00edlias assegurando a satisfa\u00e7\u00e3o das necessidades b\u00e1sicas do Cliente: alojamento, alimenta\u00e7\u00e3o, sa\u00fade, higiene, conforto e lazer;<\/p>\n\n<p class=\"has-text-align-center\">&#8211; Promover a autonomia do indiv\u00edduo e a humaniza\u00e7\u00e3o dos servi\u00e7os a ele prestados;<\/p>\n\n<p class=\"has-text-align-center\" style=\"font-size:30px\"><strong>Valores<\/strong><\/p>\n\n<p class=\"has-text-align-center\">&#8211; Garantir e respeitar a independ\u00eancia, individualidade e privacidade do Cliente;<\/p>\n\n<p class=\"has-text-align-center\">&#8211; Prestar cuidados de ordem f\u00edsica e apoio psicossocial aos Cliente e fam\u00edlias, de modo a contribuir para o seu equil\u00edbrio e bem-estar;<\/p>\n\n<p class=\"has-text-align-center\">&#8211; Promover a igualdade de tratamento, independentemente de quest\u00f5es como g\u00e9nero, religi\u00e3o, ra\u00e7a, entre outros.<\/p>\n\n<p class=\"has-text-align-center\" style=\"font-size:30px\"><strong>Pol\u00edtica de Qualidade<\/strong><\/p>\n\n<p class=\"has-text-align-center\">&nbsp; &nbsp;A humaniza\u00e7\u00e3o dos servi\u00e7os \u00e9 um dos fundamentos do Centro Social Paroquial de Pinheiro da Bemposta.&nbsp; &nbsp;O Lar est\u00e1 orientado para servir pessoas no respeito dos Valores definidos, na certeza de contribuir com a sua Miss\u00e3o e Vis\u00e3o para:<\/p>\n\n<p class=\"has-text-align-center\">&#8211; Melhorar a qualidade de vida dos Clientes;<\/p>\n\n<p class=\"has-text-align-center\">&#8211; Assegurar a identifica\u00e7\u00e3o, a satisfa\u00e7\u00e3o e a antecipa\u00e7\u00e3o das necessidades expressas e impl\u00edcitas dos clientes e familiares;<\/p>\n\n<p class=\"has-text-align-center\">&#8211; Dar resposta a situa\u00e7\u00f5es de depend\u00eancia;<\/p>\n\n<p class=\"has-text-align-center\">&#8211; Promover uma integra\u00e7\u00e3o do Cliente no novo contexto de Vida;<\/p>\n\n<p class=\"has-text-align-center\">&#8211; Promover um Plano Individual activo e din\u00e2mico;<\/p>\n\n<p class=\"has-text-align-center\">&#8211; Fomentar a inova\u00e7\u00e3o, a criatividade e a gest\u00e3o participativa de forma a melhorar continuamente a efic\u00e1cia dos processos e do Sistema de Gest\u00e3o de Qualidade.<\/p>\n\n\n","protected":false},"excerpt":{"rendered":"","protected":false},"author":1,"featured_media":0,"parent":0,"menu_order":0,"comment_status":"closed","ping_status":"closed","template":"","meta":{"pagelayer_contact_templates":[],"_pagelayer_content":""},"_links":{"self":[{"href":"https:\/\/csppinheirobemposta.pt\/site\/wp-json\/wp\/v2\/pages\/166"}],"collection":[{"href":"https:\/\/csppinheirobemposta.pt\/site\/wp-json\/wp\/v2\/pages"}],"about":[{"href":"https:\/\/csppinheirobemposta.pt\/site\/wp-json\/wp\/v2\/types\/page"}],"author":[{"embeddable":true,"href":"https:\/\/csppinheirobemposta.pt\/site\/wp-json\/wp\/v2\/users\/1"}],"replies":[{"embeddable":true,"href":"https:\/\/csppinheirobemposta.pt\/site\/wp-json\/wp\/v2\/comments?post=166"}],"version-history":[{"count":9,"href":"https:\/\/csppinheirobemposta.pt\/site\/wp-json\/wp\/v2\/pages\/166\/revisions"}],"predecessor-version":[{"id":351,"href":"https:\/\/csppinheirobemposta.pt\/site\/wp-json\/wp\/v2\/pages\/166\/revisions\/351"}],"wp:attachment":[{"href":"https:\/\/csppinheirobemposta.pt\/site\/wp-json\/wp\/v2\/media?parent=166"}],"curies":[{"name":"wp","href":"https:\/\/api.w.org\/{rel}","templated":true}]}}