{"id":179,"date":"2023-06-26T08:27:44","date_gmt":"2023-06-26T08:27:44","guid":{"rendered":"https:\/\/csppinheirobemposta.pt\/site\/?page_id=179"},"modified":"2024-02-09T15:26:07","modified_gmt":"2024-02-09T15:26:07","slug":"atividades-de-animacao","status":"publish","type":"page","link":"https:\/\/csppinheirobemposta.pt\/site\/atividades-de-animacao\/","title":{"rendered":"Atividades de Anima\u00e7\u00e3o"},"content":{"rendered":"\n\n\n<h2>NATAL 2023<\/h2>\n<p><span style=\"background-color: rgb(255, 255, 255); color: rgb(5, 5, 5); font-family: &quot;Segoe UI Historic&quot;, &quot;Segoe UI&quot;, Helvetica, Arial, sans-serif; white-space-collapse: preserve;\">No passado dia 15 de dezembro celebr\u00e1mos a nossa festa de Natal, com todos os utentes, dire\u00e7\u00e3o e colaboradores do Centro Social Paroquial de Pinheiro da Bemposta.<\/span><br><\/p><div dir=\"auto\" style=\"font-family: &quot;Segoe UI Historic&quot;, &quot;Segoe UI&quot;, Helvetica, Arial, sans-serif; color: rgb(5, 5, 5); font-size: 15px; white-space-collapse: preserve; background-color: rgb(255, 255, 255);\">A nossa celebra\u00e7\u00e3o da festa de Natal iniciou-se com a eucaristia, seguindo-se um almo\u00e7o e, da parte da tarde, houve anima\u00e7\u00e3o com direito a um DJ e acab\u00e1mos com a vinda do Pai Natal.<\/div><div dir=\"auto\" style=\"font-family: &quot;Segoe UI Historic&quot;, &quot;Segoe UI&quot;, Helvetica, Arial, sans-serif; color: rgb(5, 5, 5); font-size: 15px; white-space-collapse: preserve; background-color: rgb(255, 255, 255);\"><br><\/div>\n\n\n\n","protected":false},"excerpt":{"rendered":"","protected":false},"author":1,"featured_media":0,"parent":0,"menu_order":0,"comment_status":"closed","ping_status":"closed","template":"","meta":{"pagelayer_contact_templates":[],"_pagelayer_content":""},"_links":{"self":[{"href":"https:\/\/csppinheirobemposta.pt\/site\/wp-json\/wp\/v2\/pages\/179"}],"collection":[{"href":"https:\/\/csppinheirobemposta.pt\/site\/wp-json\/wp\/v2\/pages"}],"about":[{"href":"https:\/\/csppinheirobemposta.pt\/site\/wp-json\/wp\/v2\/types\/page"}],"author":[{"embeddable":true,"href":"https:\/\/csppinheirobemposta.pt\/site\/wp-json\/wp\/v2\/users\/1"}],"replies":[{"embeddable":true,"href":"https:\/\/csppinheirobemposta.pt\/site\/wp-json\/wp\/v2\/comments?post=179"}],"version-history":[{"count":4,"href":"https:\/\/csppinheirobemposta.pt\/site\/wp-json\/wp\/v2\/pages\/179\/revisions"}],"predecessor-version":[{"id":283,"href":"https:\/\/csppinheirobemposta.pt\/site\/wp-json\/wp\/v2\/pages\/179\/revisions\/283"}],"wp:attachment":[{"href":"https:\/\/csppinheirobemposta.pt\/site\/wp-json\/wp\/v2\/media?parent=179"}],"curies":[{"name":"wp","href":"https:\/\/api.w.org\/{rel}","templated":true}]}}