{"id":191,"date":"2023-06-26T08:47:28","date_gmt":"2023-06-26T08:47:28","guid":{"rendered":"https:\/\/csppinheirobemposta.pt\/site\/?page_id=191"},"modified":"2024-01-28T18:33:26","modified_gmt":"2024-01-28T18:33:26","slug":"informacoes","status":"publish","type":"page","link":"https:\/\/csppinheirobemposta.pt\/site\/informacoes\/","title":{"rendered":"Informa\u00e7\u00f5es"},"content":{"rendered":"\n<div class=\"wp-block-file\"><object class=\"wp-block-file__embed\" data=\"https:\/\/csppinheirobemposta.pt\/site\/wp-content\/uploads\/2024\/01\/OBRAS-DE-REMODELACAO-E-ADAPTACAO-DO-CENTRO-DE-DIA.pdf\" type=\"application\/pdf\" style=\"width:100%;height:600px\" aria-label=\"Incorpora\u00e7\u00e3o de Obras de Remodela\u00e7\u00e3o e Adapta\u00e7\u00e3o do Centro de Dia.\"><\/object><a id=\"wp-block-file--media-34c61c8e-e9c1-46e2-a321-71c97db60c81\" href=\"https:\/\/csppinheirobemposta.pt\/site\/wp-content\/uploads\/2024\/01\/OBRAS-DE-REMODELACAO-E-ADAPTACAO-DO-CENTRO-DE-DIA.pdf\">Obras de Remodela\u00e7\u00e3o e Adapta\u00e7\u00e3o do Centro de Dia<\/a><a href=\"https:\/\/csppinheirobemposta.pt\/site\/wp-content\/uploads\/2024\/01\/OBRAS-DE-REMODELACAO-E-ADAPTACAO-DO-CENTRO-DE-DIA.pdf\" class=\"wp-block-file__button wp-element-button\" download aria-describedby=\"wp-block-file--media-34c61c8e-e9c1-46e2-a321-71c97db60c81\">Descarregar<\/a><\/div>\n\n\n\n<div class=\"wp-block-file\"><object class=\"wp-block-file__embed\" data=\"https:\/\/csppinheirobemposta.pt\/site\/wp-content\/uploads\/2024\/01\/centro-social.pdf\" type=\"application\/pdf\" style=\"width:100%;height:600px\" aria-label=\"Incorpora\u00e7\u00e3o de <a href=&quot;https:\/\/csppinheirobemposta.pt\/site\/wp-content\/uploads\/2024\/01\/OBRAS-DE-REMODELACAO-E-ADAPTACAO-DO-CENTRO-DE-DIA.pdf&quot;&gt;Obras de Remodela\u00e7\u00e3o e Adapta\u00e7\u00e3o do Centro de Dia<\/a&gt;.\"><\/object><a id=\"wp-block-file--media-34c61c8e-e9c1-46e2-a321-71c97db60c81\" href=\"https:\/\/csppinheirobemposta.pt\/site\/wp-content\/uploads\/2024\/01\/centro-social.pdf\"><a href=\"https:\/\/csppinheirobemposta.pt\/site\/wp-content\/uploads\/2024\/01\/OBRAS-DE-REMODELACAO-E-ADAPTACAO-DO-CENTRO-DE-DIA.pdf\">Obras de Remodela\u00e7\u00e3o e Adapta\u00e7\u00e3o do Centro de Dia<\/a><\/a><a href=\"https:\/\/csppinheirobemposta.pt\/site\/wp-content\/uploads\/2024\/01\/centro-social.pdf\" class=\"wp-block-file__button wp-element-button\" download aria-describedby=\"wp-block-file--media-34c61c8e-e9c1-46e2-a321-71c97db60c81\">Descarregar<\/a><\/div>\n\n\n\n<p><strong>Livro de Reclama\u00e7\u00f5es &#8211; Formato Eletr\u00f3nico<\/strong><\/p>\n\n\n\n<p><a href=\"https:\/\/www.livroreclamacoes.pt\/Inicio\/\">www.livroreclamacoes.pt<\/a><\/p>\n\n\n\n<div class=\"wp-block-file\"><object class=\"wp-block-file__embed\" data=\"https:\/\/csppinheirobemposta.pt\/site\/wp-content\/uploads\/2024\/01\/20240128191750049.pdf\" type=\"application\/pdf\" style=\"width:100%;height:600px\" aria-label=\"Incorpora\u00e7\u00e3o de Livro de Reclama\u00e7\u00f5es Eletr\u00f3nico.\"><\/object><a id=\"wp-block-file--media-34c61c8e-e9c1-46e2-a321-71c97db60c81\" href=\"https:\/\/csppinheirobemposta.pt\/site\/wp-content\/uploads\/2024\/01\/20240128191750049.pdf\">Livro de Reclama\u00e7\u00f5es Eletr\u00f3nico<\/a><a href=\"https:\/\/csppinheirobemposta.pt\/site\/wp-content\/uploads\/2024\/01\/20240128191750049.pdf\" class=\"wp-block-file__button wp-element-button\" download aria-describedby=\"wp-block-file--media-34c61c8e-e9c1-46e2-a321-71c97db60c81\">Descarregar<\/a><\/div>\n","protected":false},"excerpt":{"rendered":"<p>Livro de Reclama\u00e7\u00f5es &#8211; Formato Eletr\u00f3nico www.livroreclamacoes.pt<\/p>\n","protected":false},"author":1,"featured_media":0,"parent":0,"menu_order":0,"comment_status":"closed","ping_status":"closed","template":"","meta":{"pagelayer_contact_templates":[],"_pagelayer_content":""},"_links":{"self":[{"href":"https:\/\/csppinheirobemposta.pt\/site\/wp-json\/wp\/v2\/pages\/191"}],"collection":[{"href":"https:\/\/csppinheirobemposta.pt\/site\/wp-json\/wp\/v2\/pages"}],"about":[{"href":"https:\/\/csppinheirobemposta.pt\/site\/wp-json\/wp\/v2\/types\/page"}],"author":[{"embeddable":true,"href":"https:\/\/csppinheirobemposta.pt\/site\/wp-json\/wp\/v2\/users\/1"}],"replies":[{"embeddable":true,"href":"https:\/\/csppinheirobemposta.pt\/site\/wp-json\/wp\/v2\/comments?post=191"}],"version-history":[{"count":14,"href":"https:\/\/csppinheirobemposta.pt\/site\/wp-json\/wp\/v2\/pages\/191\/revisions"}],"predecessor-version":[{"id":278,"href":"https:\/\/csppinheirobemposta.pt\/site\/wp-json\/wp\/v2\/pages\/191\/revisions\/278"}],"wp:attachment":[{"href":"https:\/\/csppinheirobemposta.pt\/site\/wp-json\/wp\/v2\/media?parent=191"}],"curies":[{"name":"wp","href":"https:\/\/api.w.org\/{rel}","templated":true}]}}