{"id":199,"date":"2023-06-27T13:43:18","date_gmt":"2023-06-27T13:43:18","guid":{"rendered":"https:\/\/csppinheirobemposta.pt\/site\/?page_id=199"},"modified":"2023-06-27T13:43:18","modified_gmt":"2023-06-27T13:43:18","slug":"nutricionista","status":"publish","type":"page","link":"https:\/\/csppinheirobemposta.pt\/site\/nutricionista\/","title":{"rendered":"Nutricionista"},"content":{"rendered":"\n<p>A principal fun\u00e7\u00e3o do nosso nutricionista \u00e9 oferecer suporte individualizado aos utentes, por meio de avalia\u00e7\u00f5es nutricionais personalizadas. Essas avalia\u00e7\u00f5es levam em considera\u00e7\u00e3o aspectos como idade, sexo, n\u00edvel de atividade f\u00edsica e poss\u00edveis condi\u00e7\u00f5es de sa\u00fade espec\u00edficas de cada pessoa. Com base nessas informa\u00e7\u00f5es, o nutricionista pode fornecer recomenda\u00e7\u00f5es nutricionais personalizadas, visando melhorar a qualidade de vida e prevenir doen\u00e7as relacionadas \u00e0 alimenta\u00e7\u00e3o.<\/p>\n","protected":false},"excerpt":{"rendered":"<p>A principal fun\u00e7\u00e3o do nosso nutricionista \u00e9 oferecer suporte individualizado aos utentes, por meio de avalia\u00e7\u00f5es nutricionais personalizadas. Essas avalia\u00e7\u00f5es levam em considera\u00e7\u00e3o aspectos como idade, sexo, n\u00edvel de atividade f\u00edsica e poss\u00edveis condi\u00e7\u00f5es de sa\u00fade espec\u00edficas de cada pessoa. Com base nessas informa\u00e7\u00f5es, o nutricionista pode fornecer recomenda\u00e7\u00f5es nutricionais personalizadas, visando melhorar a qualidade [&hellip;]<\/p>\n","protected":false},"author":1,"featured_media":0,"parent":0,"menu_order":0,"comment_status":"closed","ping_status":"closed","template":"","meta":{"pagelayer_contact_templates":[],"_pagelayer_content":""},"_links":{"self":[{"href":"https:\/\/csppinheirobemposta.pt\/site\/wp-json\/wp\/v2\/pages\/199"}],"collection":[{"href":"https:\/\/csppinheirobemposta.pt\/site\/wp-json\/wp\/v2\/pages"}],"about":[{"href":"https:\/\/csppinheirobemposta.pt\/site\/wp-json\/wp\/v2\/types\/page"}],"author":[{"embeddable":true,"href":"https:\/\/csppinheirobemposta.pt\/site\/wp-json\/wp\/v2\/users\/1"}],"replies":[{"embeddable":true,"href":"https:\/\/csppinheirobemposta.pt\/site\/wp-json\/wp\/v2\/comments?post=199"}],"version-history":[{"count":1,"href":"https:\/\/csppinheirobemposta.pt\/site\/wp-json\/wp\/v2\/pages\/199\/revisions"}],"predecessor-version":[{"id":201,"href":"https:\/\/csppinheirobemposta.pt\/site\/wp-json\/wp\/v2\/pages\/199\/revisions\/201"}],"wp:attachment":[{"href":"https:\/\/csppinheirobemposta.pt\/site\/wp-json\/wp\/v2\/media?parent=199"}],"curies":[{"name":"wp","href":"https:\/\/api.w.org\/{rel}","templated":true}]}}