{"id":265,"date":"2024-01-28T18:04:42","date_gmt":"2024-01-28T18:04:42","guid":{"rendered":"https:\/\/csppinheirobemposta.pt\/site\/?page_id=265"},"modified":"2025-05-13T14:27:46","modified_gmt":"2025-05-13T14:27:46","slug":"as-contas-da-instituicao","status":"publish","type":"page","link":"https:\/\/csppinheirobemposta.pt\/site\/as-contas-da-instituicao\/","title":{"rendered":"As Contas da Institui\u00e7\u00e3o"},"content":{"rendered":"\n<h2 class=\"wp-block-heading has-text-align-center\">Contas 2024<\/h2>\n\n\n\n<div class=\"wp-block-file\"><object class=\"wp-block-file__embed\" data=\"https:\/\/csppinheirobemposta.pt\/site\/wp-content\/uploads\/2025\/05\/CONTAS-DA-DIRECAO-DE-2024.pdf\" type=\"application\/pdf\" style=\"width:100%;height:600px\" aria-label=\"Incorpora\u00e7\u00e3o de CONTAS DA DIRE\u00c7\u00c3O DE 2024.\"><\/object><a id=\"wp-block-file--media-af918e82-7ec8-466c-a4aa-447769970fc2\" href=\"https:\/\/csppinheirobemposta.pt\/site\/wp-content\/uploads\/2025\/05\/CONTAS-DA-DIRECAO-DE-2024.pdf\">CONTAS DA DIRE\u00c7\u00c3O DE 2024<\/a><a href=\"https:\/\/csppinheirobemposta.pt\/site\/wp-content\/uploads\/2025\/05\/CONTAS-DA-DIRECAO-DE-2024.pdf\" class=\"wp-block-file__button wp-element-button\" download aria-describedby=\"wp-block-file--media-af918e82-7ec8-466c-a4aa-447769970fc2\">Descarregar<\/a><\/div>\n\n\n\n<div class=\"wp-block-columns is-layout-flex wp-container-2\">\n<div class=\"wp-block-column is-layout-flow\" style=\"flex-basis:100%\"><a href=\"https:\/\/csppinheirobemposta.pt\/site\/wp-content\/uploads\/2025\/05\/CONTAS-DA-DIRECAO-DE-2024.pdf\" class=\"pdfemb-viewer\" style=\"\" data-width=\"max\" data-height=\"max\" data-toolbar=\"bottom\" data-toolbar-fixed=\"off\">CONTAS-DA-DIRECAO-DE-2024<\/a>\n<p class=\"wp-block-pdfemb-pdf-embedder-viewer\"><\/p>\n<\/div>\n<\/div>\n\n\n\n<h2 class=\"wp-block-heading has-text-align-center\">Contas 2023<\/h2>\n\n\n\n<div class=\"wp-block-file\"><object class=\"wp-block-file__embed\" data=\"https:\/\/csppinheirobemposta.pt\/site\/wp-content\/uploads\/2024\/05\/EXERC.2023-BALANCO-1.pdf\" type=\"application\/pdf\" style=\"width:100%;height:600px\" aria-label=\"Incorpora\u00e7\u00e3o de EXERC.2023-BALANCO-1.\"><\/object><a id=\"wp-block-file--media-af918e82-7ec8-466c-a4aa-447769970fc2\" href=\"https:\/\/csppinheirobemposta.pt\/site\/wp-content\/uploads\/2024\/05\/EXERC.2023-BALANCO-1.pdf\">EXERC.2023-BALANCO-1<\/a><a href=\"https:\/\/csppinheirobemposta.pt\/site\/wp-content\/uploads\/2024\/05\/EXERC.2023-BALANCO-1.pdf\" class=\"wp-block-file__button wp-element-button\" download aria-describedby=\"wp-block-file--media-af918e82-7ec8-466c-a4aa-447769970fc2\">Descarregar<\/a><\/div>\n\n\n\n<div class=\"wp-block-file\"><object class=\"wp-block-file__embed\" data=\"https:\/\/csppinheirobemposta.pt\/site\/wp-content\/uploads\/2024\/05\/EXERC.2023-DEMONSTRACAO-RESULTADOS.pdf\" type=\"application\/pdf\" style=\"width:100%;height:600px\" aria-label=\"Incorpora\u00e7\u00e3o de EXERC.2023-DEMONSTRA\u00c7\u00c3O RESULTADOS.\"><\/object><a id=\"wp-block-file--media-acd425f7-45ab-4ef3-8f0a-4d2e177e73e4\" href=\"https:\/\/csppinheirobemposta.pt\/site\/wp-content\/uploads\/2024\/05\/EXERC.2023-DEMONSTRACAO-RESULTADOS.pdf\">EXERC.2023-DEMONSTRA\u00c7\u00c3O RESULTADOS<\/a><a href=\"https:\/\/csppinheirobemposta.pt\/site\/wp-content\/uploads\/2024\/05\/EXERC.2023-DEMONSTRACAO-RESULTADOS.pdf\" class=\"wp-block-file__button wp-element-button\" download aria-describedby=\"wp-block-file--media-acd425f7-45ab-4ef3-8f0a-4d2e177e73e4\">Descarregar<\/a><\/div>\n\n\n\n<div class=\"wp-block-file\"><object class=\"wp-block-file__embed\" data=\"https:\/\/csppinheirobemposta.pt\/site\/wp-content\/uploads\/2024\/05\/EXERC.2023-BALANCETE-ENCERRAMENTO.pdf\" type=\"application\/pdf\" style=\"width:100%;height:600px\" aria-label=\"Incorpora\u00e7\u00e3o de EXERC.2023-BALANCETE ENCERRAMENTO.\"><\/object><a id=\"wp-block-file--media-3f3c7163-2af7-4c68-9476-07fc9b9f6e47\" href=\"https:\/\/csppinheirobemposta.pt\/site\/wp-content\/uploads\/2024\/05\/EXERC.2023-BALANCETE-ENCERRAMENTO.pdf\">EXERC.2023-BALANCETE ENCERRAMENTO<\/a><a href=\"https:\/\/csppinheirobemposta.pt\/site\/wp-content\/uploads\/2024\/05\/EXERC.2023-BALANCETE-ENCERRAMENTO.pdf\" class=\"wp-block-file__button wp-element-button\" download aria-describedby=\"wp-block-file--media-3f3c7163-2af7-4c68-9476-07fc9b9f6e47\">Descarregar<\/a><\/div>\n\n\n\n<div class=\"wp-block-file\"><object class=\"wp-block-file__embed\" data=\"https:\/\/csppinheirobemposta.pt\/site\/wp-content\/uploads\/2024\/05\/EXERC.2023-BALANCETE-ENCERRAMENTO.pdf\" type=\"application\/pdf\" style=\"width:100%;height:600px\" aria-label=\"Incorpora\u00e7\u00e3o de EXERC.2023-BALANCETE ENCERRAMENTO.\"><\/object><a id=\"wp-block-file--media-963eb174-3163-4292-a740-abe3b8010df8\" href=\"https:\/\/csppinheirobemposta.pt\/site\/wp-content\/uploads\/2024\/05\/EXERC.2023-BALANCETE-ENCERRAMENTO.pdf\">EXERC.2023-BALANCETE ENCERRAMENTO<\/a><a href=\"https:\/\/csppinheirobemposta.pt\/site\/wp-content\/uploads\/2024\/05\/EXERC.2023-BALANCETE-ENCERRAMENTO.pdf\" class=\"wp-block-file__button wp-element-button\" download aria-describedby=\"wp-block-file--media-963eb174-3163-4292-a740-abe3b8010df8\">Descarregar<\/a><\/div>\n\n\n\n<h2 class=\"wp-block-heading has-text-align-center\">Contas 2022<\/h2>\n\n\n\n<div class=\"wp-block-file\"><object class=\"wp-block-file__embed\" data=\"https:\/\/csppinheirobemposta.pt\/site\/wp-content\/uploads\/2023\/11\/BALANCO-E-DEM.RESULTADOS-2022.pdf\" type=\"application\/pdf\" style=\"width:100%;height:600px\" aria-label=\"Incorpora\u00e7\u00e3o de Balan\u00e7o e Demonstra\u00e7\u00e3o de Resultados 2022.\"><\/object><a id=\"wp-block-file--media-34c61c8e-e9c1-46e2-a321-71c97db60c81\" href=\"https:\/\/csppinheirobemposta.pt\/site\/wp-content\/uploads\/2023\/11\/BALANCO-E-DEM.RESULTADOS-2022.pdf\">Balan\u00e7o e Demonstra\u00e7\u00e3o de Resultados 2022<\/a><a href=\"https:\/\/csppinheirobemposta.pt\/site\/wp-content\/uploads\/2023\/11\/BALANCO-E-DEM.RESULTADOS-2022.pdf\" class=\"wp-block-file__button wp-element-button\" download aria-describedby=\"wp-block-file--media-34c61c8e-e9c1-46e2-a321-71c97db60c81\">Descarregar<\/a><\/div>\n\n\n\n<h2 class=\"wp-block-heading has-text-align-center\">Contas 2021<\/h2>\n\n\n\n<div class=\"wp-block-file\"><object class=\"wp-block-file__embed\" data=\"https:\/\/csppinheirobemposta.pt\/site\/wp-content\/uploads\/2023\/11\/Orcamento-2021.pdf\" type=\"application\/pdf\" style=\"width:100%;height:600px\" aria-label=\"Incorpora\u00e7\u00e3o de Or\u00e7amento 2021.\"><\/object><a id=\"wp-block-file--media-f69497b6-679f-4669-8d58-6cc65749adba\" href=\"https:\/\/csppinheirobemposta.pt\/site\/wp-content\/uploads\/2023\/11\/Orcamento-2021.pdf\">Or\u00e7amento 2021<\/a><a href=\"https:\/\/csppinheirobemposta.pt\/site\/wp-content\/uploads\/2023\/11\/Orcamento-2021.pdf\" class=\"wp-block-file__button wp-element-button\" download aria-describedby=\"wp-block-file--media-f69497b6-679f-4669-8d58-6cc65749adba\">Descarregar<\/a><\/div>\n\n\n\n<div class=\"wp-block-file\"><object class=\"wp-block-file__embed\" data=\"https:\/\/csppinheirobemposta.pt\/site\/wp-content\/uploads\/2023\/11\/Balanco-e-Demonstracao-de-Resultados-2021.pdf\" type=\"application\/pdf\" style=\"width:100%;height:600px\" aria-label=\"Incorpora\u00e7\u00e3o de Balan\u00e7o e Demonstra\u00e7\u00e3o de Resultados 2021.\"><\/object><a id=\"wp-block-file--media-98f44844-cb5f-488d-b48c-e3a76309e63d\" href=\"https:\/\/csppinheirobemposta.pt\/site\/wp-content\/uploads\/2023\/11\/Balanco-e-Demonstracao-de-Resultados-2021.pdf\">Balan\u00e7o e Demonstra\u00e7\u00e3o de Resultados 2021<\/a><a href=\"https:\/\/csppinheirobemposta.pt\/site\/wp-content\/uploads\/2023\/11\/Balanco-e-Demonstracao-de-Resultados-2021.pdf\" class=\"wp-block-file__button wp-element-button\" download aria-describedby=\"wp-block-file--media-98f44844-cb5f-488d-b48c-e3a76309e63d\">Descarregar<\/a><\/div>\n\n\n\n<div class=\"wp-block-file\"><object class=\"wp-block-file__embed\" data=\"https:\/\/csppinheirobemposta.pt\/site\/wp-content\/uploads\/2023\/11\/Parecer-Conselho-Fiscal-2021.pdf\" type=\"application\/pdf\" style=\"width:100%;height:600px\" aria-label=\"Incorpora\u00e7\u00e3o de Parecer Conselho Fiscal 2021.\"><\/object><a id=\"wp-block-file--media-d8f19085-2278-4f8b-a448-9ba416314558\" href=\"https:\/\/csppinheirobemposta.pt\/site\/wp-content\/uploads\/2023\/11\/Parecer-Conselho-Fiscal-2021.pdf\">Parecer Conselho Fiscal 2021<\/a><a href=\"https:\/\/csppinheirobemposta.pt\/site\/wp-content\/uploads\/2023\/11\/Parecer-Conselho-Fiscal-2021.pdf\" class=\"wp-block-file__button wp-element-button\" download aria-describedby=\"wp-block-file--media-d8f19085-2278-4f8b-a448-9ba416314558\">Descarregar<\/a><\/div>\n\n\n\n<h2 class=\"wp-block-heading has-text-align-center\">Contas  2020<\/h2>\n\n\n\n<div class=\"wp-block-file\"><object class=\"wp-block-file__embed\" data=\"https:\/\/csppinheirobemposta.pt\/site\/wp-content\/uploads\/2023\/11\/Relatorio-e-Conta-2020-2.pdf\" type=\"application\/pdf\" style=\"width:100%;height:600px\" aria-label=\"Incorpora\u00e7\u00e3o de Relat\u00f3rio e Conta 2020.\"><\/object><a id=\"wp-block-file--media-0c6500d3-0849-4b03-b948-eee3806b5117\" href=\"https:\/\/csppinheirobemposta.pt\/site\/wp-content\/uploads\/2023\/11\/Relatorio-e-Conta-2020-2.pdf\">Relat\u00f3rio e Conta 2020<\/a><a href=\"https:\/\/csppinheirobemposta.pt\/site\/wp-content\/uploads\/2023\/11\/Relatorio-e-Conta-2020-2.pdf\" class=\"wp-block-file__button wp-element-button\" download aria-describedby=\"wp-block-file--media-0c6500d3-0849-4b03-b948-eee3806b5117\">Descarregar<\/a><\/div>\n\n\n\n<h2 class=\"wp-block-heading has-text-align-center\">Contas 2019<\/h2>\n\n\n\n<div class=\"wp-block-file\"><object class=\"wp-block-file__embed\" data=\"https:\/\/csppinheirobemposta.pt\/site\/wp-content\/uploads\/2024\/01\/20240118151842402.pdf\" type=\"application\/pdf\" style=\"width:100%;height:600px\" aria-label=\"Incorpora\u00e7\u00e3o de Balan\u00e7o e Demonstra\u00e7\u00e3o de Resultados 2018-2019.\"><\/object><a id=\"wp-block-file--media-34c61c8e-e9c1-46e2-a321-71c97db60c81\" href=\"https:\/\/csppinheirobemposta.pt\/site\/wp-content\/uploads\/2024\/01\/20240118151842402.pdf\">Balan\u00e7o e Demonstra\u00e7\u00e3o de Resultados 2018-2019<\/a><a href=\"https:\/\/csppinheirobemposta.pt\/site\/wp-content\/uploads\/2024\/01\/20240118151842402.pdf\" class=\"wp-block-file__button wp-element-button\" download aria-describedby=\"wp-block-file--media-34c61c8e-e9c1-46e2-a321-71c97db60c81\">Descarregar<\/a><\/div>\n","protected":false},"excerpt":{"rendered":"<p>Contas 2024 Contas 2023 Contas 2022 Contas 2021 Contas 2020 Contas 2019<\/p>\n","protected":false},"author":1,"featured_media":0,"parent":0,"menu_order":0,"comment_status":"closed","ping_status":"closed","template":"","meta":{"pagelayer_contact_templates":[],"_pagelayer_content":""},"_links":{"self":[{"href":"https:\/\/csppinheirobemposta.pt\/site\/wp-json\/wp\/v2\/pages\/265"}],"collection":[{"href":"https:\/\/csppinheirobemposta.pt\/site\/wp-json\/wp\/v2\/pages"}],"about":[{"href":"https:\/\/csppinheirobemposta.pt\/site\/wp-json\/wp\/v2\/types\/page"}],"author":[{"embeddable":true,"href":"https:\/\/csppinheirobemposta.pt\/site\/wp-json\/wp\/v2\/users\/1"}],"replies":[{"embeddable":true,"href":"https:\/\/csppinheirobemposta.pt\/site\/wp-json\/wp\/v2\/comments?post=265"}],"version-history":[{"count":6,"href":"https:\/\/csppinheirobemposta.pt\/site\/wp-json\/wp\/v2\/pages\/265\/revisions"}],"predecessor-version":[{"id":322,"href":"https:\/\/csppinheirobemposta.pt\/site\/wp-json\/wp\/v2\/pages\/265\/revisions\/322"}],"wp:attachment":[{"href":"https:\/\/csppinheirobemposta.pt\/site\/wp-json\/wp\/v2\/media?parent=265"}],"curies":[{"name":"wp","href":"https:\/\/api.w.org\/{rel}","templated":true}]}}