{"id":36,"date":"2023-06-13T08:59:06","date_gmt":"2023-06-13T08:59:06","guid":{"rendered":"https:\/\/csppinheirobemposta.pt\/site\/home\/"},"modified":"2025-05-27T09:23:54","modified_gmt":"2025-05-27T09:23:54","slug":"home","status":"publish","type":"page","link":"https:\/\/csppinheirobemposta.pt\/site\/home\/","title":{"rendered":"Home"},"content":{"rendered":"\n\n\n\n\n\n\n\n\n\n\n\n\n\n\n<h2 [object=\"\" namednodemap]=\"\">Mensagem do P\u00e1raco<\/h2>\n\n\n<h4 class=\"font_8\" style=\"line-height: normal;\"><span class=\"color_2\"><span style=\"font-weight: 700; color: rgb(0, 41, 102);\">Queridos Amigos Pinheirenses<\/span><\/span><\/h4><p class=\"font_8\" style=\"line-height: normal; text-align: justify;\"><span class=\"color_2\"><\/span><\/p><span style=\"color:#0047b2;\"><p class=\"font_8\" style=\"line-height: normal; text-align: justify;\"><span class=\"color_2\">Julgo que j\u00e1 estais informados&nbsp;pelos vossos familiares e amigos dos progressos sociais realizados nesta Par\u00f3quia neste \u00faltimos anos, a favor dos idosos, desemparados, doentes e incapazes.<\/span><\/p><p class=\"font_8\" style=\"line-height: normal; text-align: justify;\"><span class=\"color_2\"><\/span><\/p><p class=\"font_8\" style=\"line-height: normal; text-align: justify;\"><span class=\"color_2\">Come\u00e7amos como centro dia e Apoio Domicili\u00e1rio.<\/span><\/p><p class=\"font_8\" style=\"line-height: normal; text-align: justify;\"><span class=\"color_2\">Isto pareceu-nos muito bom, mas logo sentimos que n\u00e3o era o suficiente.<\/span><\/p><p class=\"font_8\" style=\"line-height: normal; text-align: justify;\"><span class=\"color_2\">Dentro de poucos anos surgiu a oportunidade de construirmos um lar de idosos.<\/span><\/p><p class=\"font_8\" style=\"line-height: normal; text-align: justify;\"><span class=\"color_2\">Concorremos de imediato e o nosso projecto foi aprovado .<\/span><\/p><p class=\"font_8\" style=\"line-height: normal; text-align: justify;\"><span class=\"color_2\">Gra\u00e7as a Deus, depois de muito trabalho e muita perseveran\u00e7a na luta contra as dificuldades de todos os dias, eis que o projecto est\u00e1 concretizado.<\/span><\/p><p class=\"font_8\" style=\"line-height: normal; text-align: justify;\"><span class=\"color_2\">Desde Dezembro de 2011 que est\u00e3o a funcionar as tr\u00eas val\u00eancias de assist\u00eancia aos idosos carenciados, num total de cerca de 100 assistidos diariamente.<\/span><\/p><p class=\"font_8\" style=\"line-height: normal; text-align: justify;\"><span class=\"color_2\">Felizmente tivemos muita sorte da parte da seguran\u00e7a social e da equipa que projectou, acompanhou e realizou a constru\u00e7\u00e3o.<\/span><\/p><p class=\"font_8\" style=\"line-height: normal; text-align: justify;\"><span class=\"color_2\">\u00c9 uma constru\u00e7\u00e3o admir\u00e1vel, do melhor que h\u00e1 actualmente na nossa regi\u00e3o.<\/span><\/p><p class=\"font_8\" style=\"line-height: normal;\"><span class=\"color_2\">Estamos felizes e de parab\u00e9ns.<\/span><\/p><\/span><p class=\"font_8\" style=\"line-height: normal; text-align: justify;\"><span class=\"color_2\"><strong><\/strong><\/span><\/p><p class=\"font_8\" style=\"line-height: normal;\"><strong><br><\/strong><\/p><p class=\"font_8\" style=\"line-height: normal;\"><span class=\"color_2\" style=\"\"><strong>Padre Manuel da Silva Pereira &nbsp;(em mem\u00f3ria)<\/strong><\/span><\/p>\n\n\n\n\n\n\n<p>Servi\u00e7o de Apoio ao Domic\u00edlio<\/p>\n\n\n\n\n<p><span>Centro de Dia<\/span><\/p>\n\n\n\n\n<p>Estrutura Residencial para Idosos<\/p>\n\n\n\n","protected":false},"excerpt":{"rendered":"","protected":false},"author":0,"featured_media":0,"parent":0,"menu_order":0,"comment_status":"closed","ping_status":"closed","template":"","meta":{"pagelayer_contact_templates":[],"_pagelayer_content":""},"_links":{"self":[{"href":"https:\/\/csppinheirobemposta.pt\/site\/wp-json\/wp\/v2\/pages\/36"}],"collection":[{"href":"https:\/\/csppinheirobemposta.pt\/site\/wp-json\/wp\/v2\/pages"}],"about":[{"href":"https:\/\/csppinheirobemposta.pt\/site\/wp-json\/wp\/v2\/types\/page"}],"replies":[{"embeddable":true,"href":"https:\/\/csppinheirobemposta.pt\/site\/wp-json\/wp\/v2\/comments?post=36"}],"version-history":[{"count":45,"href":"https:\/\/csppinheirobemposta.pt\/site\/wp-json\/wp\/v2\/pages\/36\/revisions"}],"predecessor-version":[{"id":332,"href":"https:\/\/csppinheirobemposta.pt\/site\/wp-json\/wp\/v2\/pages\/36\/revisions\/332"}],"wp:attachment":[{"href":"https:\/\/csppinheirobemposta.pt\/site\/wp-json\/wp\/v2\/media?parent=36"}],"curies":[{"name":"wp","href":"https:\/\/api.w.org\/{rel}","templated":true}]}}