{"id":38,"date":"2025-06-03T09:14:12","date_gmt":"2025-06-03T09:14:12","guid":{"rendered":"https:\/\/csppinheirobemposta.pt\/site\/about-us\/"},"modified":"2025-06-03T10:23:55","modified_gmt":"2025-06-03T10:23:55","slug":"about-us","status":"publish","type":"page","link":"https:\/\/csppinheirobemposta.pt\/site\/about-us\/","title":{"rendered":"Sobre N\u00f3s"},"content":{"rendered":"\n\n\n\n\n<p>O&nbsp;<strong>Centro Social Paroquial de Pinheiro da Bemposta<\/strong>&nbsp;\u00e9 uma Institui\u00e7\u00e3o Particular de Solidariedade Social, inscrita na DGSS em 17 de Julho de 1990. Funciona em edif\u00edcio pr\u00f3prio, constru\u00eddo de raiz, &nbsp;primeiro com um edif\u00edcio de pouco mais de 500 m2 e hoje, com a sua amplia\u00e7\u00e3o para o Lar de Idosos, ocupando uma \u00e1rea de 2.515 m2. \u00c9 um edif\u00edcio dotado de todos os requisitos necess\u00e1rios para a actividade da Institui\u00e7\u00e3o. Est\u00e1 devidamente aprovado pelas diversas entidades, designadamente a C\u00e2mara Municipal, a Delega\u00e7\u00e3o de Sa\u00fade, a Seguran\u00e7a Social, os Bombeiros e a Protec\u00e7\u00e3o Civil. Est\u00e1 servido de g\u00e1s natural e disp\u00f5e de posto pr\u00f3prio de transforma\u00e7\u00e3o de electricidade. Tem ainda uma grande \u00e1rea destinada a zona verde,&nbsp; que h\u00e1-de ser arborizada, pois todo o terreno do que era o passal da igreja, com&nbsp; 4.890 m2, &nbsp;foi afectado ao Centro Social. Foi um enorme investimento para a Freguesia.&nbsp; A constru\u00e7\u00e3o dos edif\u00edcios e o seu equipamento em mobili\u00e1rio, cozinha, lavandaria e rouparia, as viaturas e todos os bens indispens\u00e1veis ao funcionamento da Casa, j\u00e1 v\u00e3o muito pr\u00f3ximo dos dois milh\u00f5es de euros. Iniciou a sua actividade no dia 13 de Outubro de 2003, nas Val\u00eancias de Apoio Domicili\u00e1rio e Centro de Dia para idosos, com capacidade instalada para 30 utentes em cada uma das val\u00eancias, completamente preenchidas.<\/p>\n\n\n\n\n\n<p>\u00a0 \u00a0Em 5 de Novembro de 2011 foi inaugurado o Lar de Idosos, com capacidade para 26 utentes e desde finais desse mesmo m\u00eas que estamos j\u00e1 a prestar servi\u00e7os nesta Val\u00eancia.           <\/p>\n\n\n\n<p>Link para noticia de inaugura\u00e7\u00e3o: <a href=\"https:\/\/www.cmjornal.pt\/economia\/detalhe\/oliveira-de-azemeis-mota-soares-inaugura-lar-para-26-idosos\" data-type=\"URL\" data-id=\"https:\/\/www.cmjornal.pt\/economia\/detalhe\/oliveira-de-azemeis-mota-soares-inaugura-lar-para-26-idosos\">https:\/\/www.cmjornal.pt\/economia\/detalhe\/oliveira-de-azemeis-mota-soares-inaugura-lar-para-26-idosos<\/a><\/p>\n\n\n\n<p>&nbsp; &nbsp;Cumpre a sua Miss\u00e3o atrav\u00e9s dum trabalho permanente, procurando:<\/p>\n\n\n\n\n\n<li>Colaborar com a fam\u00edlia na melhor resposta social \u00e0s necessidades dos idosos<\/li>\n\n\n\n<li>Proporcionar o equil\u00edbrio psico-social do idoso<\/li>\n\n\n\n<li>Contribuir para a estabiliza\u00e7\u00e3o ou retardamento do processo de envelhecimento<\/li>\n\n\n\n<li>Favorecer os sentimentos de seguran\u00e7a e auto-estima<\/li>\n\n\n\n<li>Respeitar a independ\u00eancia, individualidade e privacidade dos utentes<\/li>\n\n\n\n<li>Promover a continuidade ou reactiva\u00e7\u00e3o das rela\u00e7\u00f5es familiares e\/ou de vizinhan\u00e7a<\/li>\n\n\n\n\n\n<p>&nbsp; &nbsp;Celebrou em 30 de Setembro de 2003 Acordos de Coopera\u00e7\u00e3o com a Seguran\u00e7a Social, para as seguintes Respostas Sociais:<\/p>\n\n\n\n\n\n<p>&#8211; Apoio Domicili\u00e1rio em dias \u00fateis;<\/p>\n\n\n\n<p>&#8211; Apoio Domicili\u00e1rio em 7 dias por semana (incluindo S\u00e1bados, Domingos &nbsp; e Feriados);<\/p>\n\n\n\n<p>&#8211; Estrutura Residencial para Pessoas&nbsp;Idosas (ERPI);<\/p>\n\n\n\n\n\n<p>E em 5 de Novembro de 2011 celebrou novo Acordo de Coopera\u00e7\u00e3o para a nova Estrutura Residencial para Pessoas Idosas (ERPI), para 26 Utentes passando posteriormente para 35.<\/p>\n\n\n\n<p>&nbsp; &nbsp;A capacidade da Institui\u00e7\u00e3o est\u00e1 completamente esgotada em todas as suas &nbsp;Val\u00eancias, de Apoio Domicili\u00e1rio, Centro de Dia e &nbsp;Lar.<\/p>\n\n\n\n<p>&nbsp; &nbsp;Temos um quadro de pessoal de 23 pessoas e temos tamb\u00e9m a colabora\u00e7\u00e3o de v\u00e1rios volunt\u00e1rios.<\/p>\n\n\n\n<p>&nbsp; &nbsp;As suas fontes de financiamento s\u00e3o as comparticipa\u00e7\u00f5es da Seguran\u00e7a Social, as mensalidades dos utentes e donativos de particulares, isoladamente ou atrav\u00e9s da Liga dos Amigos,&nbsp; e as receitas de diversas iniciativas espont\u00e2neas da popula\u00e7\u00e3o e de Amigos da Institui\u00e7\u00e3o, sens\u00edveis ao relevante papel social que desempenha. &nbsp; &nbsp; &nbsp; &nbsp; &nbsp;&nbsp;<\/p>\n\n\n\n<p>\u200b<\/p>\n\n\n\n\n\n\n\n<p>Armindo Nunes<\/p>\n\n\n","protected":false},"excerpt":{"rendered":"","protected":false},"author":1,"featured_media":0,"parent":0,"menu_order":0,"comment_status":"closed","ping_status":"closed","template":"","meta":{"pagelayer_contact_templates":[],"_pagelayer_content":""},"_links":{"self":[{"href":"https:\/\/csppinheirobemposta.pt\/site\/wp-json\/wp\/v2\/pages\/38"}],"collection":[{"href":"https:\/\/csppinheirobemposta.pt\/site\/wp-json\/wp\/v2\/pages"}],"about":[{"href":"https:\/\/csppinheirobemposta.pt\/site\/wp-json\/wp\/v2\/types\/page"}],"author":[{"embeddable":true,"href":"https:\/\/csppinheirobemposta.pt\/site\/wp-json\/wp\/v2\/users\/1"}],"replies":[{"embeddable":true,"href":"https:\/\/csppinheirobemposta.pt\/site\/wp-json\/wp\/v2\/comments?post=38"}],"version-history":[{"count":21,"href":"https:\/\/csppinheirobemposta.pt\/site\/wp-json\/wp\/v2\/pages\/38\/revisions"}],"predecessor-version":[{"id":370,"href":"https:\/\/csppinheirobemposta.pt\/site\/wp-json\/wp\/v2\/pages\/38\/revisions\/370"}],"wp:attachment":[{"href":"https:\/\/csppinheirobemposta.pt\/site\/wp-json\/wp\/v2\/media?parent=38"}],"curies":[{"name":"wp","href":"https:\/\/api.w.org\/{rel}","templated":true}]}}